{"id":11396,"date":"2026-02-04T16:43:59","date_gmt":"2026-02-04T16:43:59","guid":{"rendered":"https:\/\/daliurojus.lt\/?post_type=product&#038;p=11396"},"modified":"2026-02-04T16:43:59","modified_gmt":"2026-02-04T16:43:59","slug":"laidai-uzvedimo-1000-a","status":"publish","type":"product","link":"https:\/\/daliurojus.lt\/en\/shop\/aksesuarai\/avarines-ir-pagalbines-priemones\/uzvedimo-laidai\/laidai-uzvedimo-1000-a\/","title":{"rendered":"Laidai u\u017evedimo 1000 A"},"content":{"rendered":"<p><small class=\"cont-product__cell cell-title is-hidden-on-grid\">KODAS<\/small><\/p>\n<p class=\"par\">960010EGT<\/p>\n<p><small class=\"cont-product__cell cell-title is-hidden-on-grid\">TIEK\u0116JO KODAS<\/small><\/p>\n<p class=\"par\">960010EGT<\/p>\n<p><small class=\"cont-product__cell cell-title is-hidden-on-grid\">TIEK\u0116JAS<\/small><\/p>\n<p class=\"par\">EGT<\/p>\n<p>U\u017evedimo laidai 1000A. Laid\u0173 ilgis 5M. Skirting\u0173 spalv\u0173 kabeliai poliari\u0161kumui atskirti; TPR med\u017eiaga padengtas pavir\u0161ius apsaugo nuo r\u016bd\u017ei\u0173, korozijos ir \u0161al\u010dio; Kandyti gnybtai u\u017etikrina tvirtinim\u0105, bet kokiems akumuliatori\u0173 modeliams<\/p>\n<table class=\"table-main table-info\">\n<tbody class=\"table-main__body\">\n<tr class=\"table-main__row\">\n<td class=\"table-main__cell\"><span class=\"table-main__t-node node-dynamic\"><b>Kilm\u0117s \u0161alis<\/b><\/span><\/td>\n<td class=\"table-main__cell\"><span class=\"table-main__t-node node-dynamic\">CN<\/span><\/td>\n<\/tr>\n<tr class=\"table-main__row\">\n<td class=\"table-main__cell\"><span class=\"table-main__t-node node-dynamic\"><b>Barkodas EAN<\/b><\/span><\/td>\n<td class=\"table-main__cell\"><span class=\"table-main__t-node node-dynamic\">960010egt<\/span><\/td>\n<\/tr>\n<tr class=\"table-main__row\">\n<td class=\"table-main__cell\"><span class=\"table-main__t-node node-dynamic\"><b>Svoris<\/b><\/span><\/td>\n<td class=\"table-main__cell\"><span class=\"table-main__t-node node-dynamic\">2.5000 KG<\/span><\/td>\n<\/tr>\n<\/tbody>\n<\/table>","protected":false},"excerpt":{"rendered":"<p>KODAS 960010EGT TIEK\u0116JO KODAS 960010EGT TIEK\u0116JAS EGT U\u017evedimo laidai 1000A. Laid\u0173 ilgis 5M. Skirting\u0173 spalv\u0173 kabeliai poliari\u0161kumui atskirti; TPR med\u017eiaga padengtas pavir\u0161ius apsaugo nuo r\u016bd\u017ei\u0173, korozijos ir \u0161al\u010dio; Kandyti gnybtai u\u017etikrina tvirtinim\u0105, bet kokiems akumuliatori\u0173 modeliams Kilm\u0117s \u0161alis CN Barkodas EAN 960010egt Svoris 2.5000 KG<\/p>","protected":false},"featured_media":11397,"comment_status":"open","ping_status":"closed","template":"","meta":{"_acf_changed":false},"product_brand":[],"product_cat":[17,42,50],"product_tag":[],"class_list":{"0":"post-11396","1":"product","2":"type-product","3":"status-publish","4":"has-post-thumbnail","6":"product_cat-aksesuarai","7":"product_cat-avarines-ir-pagalbines-priemones","8":"product_cat-uzvedimo-laidai","10":"first","11":"instock","12":"shipping-taxable","13":"purchasable","14":"product-type-simple"},"acf":[],"_links":{"self":[{"href":"https:\/\/daliurojus.lt\/en\/wp-json\/wp\/v2\/product\/11396","targetHints":{"allow":["GET"]}}],"collection":[{"href":"https:\/\/daliurojus.lt\/en\/wp-json\/wp\/v2\/product"}],"about":[{"href":"https:\/\/daliurojus.lt\/en\/wp-json\/wp\/v2\/types\/product"}],"replies":[{"embeddable":true,"href":"https:\/\/daliurojus.lt\/en\/wp-json\/wp\/v2\/comments?post=11396"}],"version-history":[{"count":1,"href":"https:\/\/daliurojus.lt\/en\/wp-json\/wp\/v2\/product\/11396\/revisions"}],"predecessor-version":[{"id":11398,"href":"https:\/\/daliurojus.lt\/en\/wp-json\/wp\/v2\/product\/11396\/revisions\/11398"}],"wp:featuredmedia":[{"embeddable":true,"href":"https:\/\/daliurojus.lt\/en\/wp-json\/wp\/v2\/media\/11397"}],"wp:attachment":[{"href":"https:\/\/daliurojus.lt\/en\/wp-json\/wp\/v2\/media?parent=11396"}],"wp:term":[{"taxonomy":"product_brand","embeddable":true,"href":"https:\/\/daliurojus.lt\/en\/wp-json\/wp\/v2\/product_brand?post=11396"},{"taxonomy":"product_cat","embeddable":true,"href":"https:\/\/daliurojus.lt\/en\/wp-json\/wp\/v2\/product_cat?post=11396"},{"taxonomy":"product_tag","embeddable":true,"href":"https:\/\/daliurojus.lt\/en\/wp-json\/wp\/v2\/product_tag?post=11396"}],"curies":[{"name":"wp","href":"https:\/\/api.w.org\/{rel}","templated":true}]}}