{"id":11386,"date":"2026-02-04T16:34:23","date_gmt":"2026-02-04T16:34:23","guid":{"rendered":"https:\/\/daliurojus.lt\/?post_type=product&#038;p=11386"},"modified":"2026-02-04T16:34:23","modified_gmt":"2026-02-04T16:34:23","slug":"automobilio-saugos-rinkinys-techninei-apziurai-su-1kg-gesintuvu-2","status":"publish","type":"product","link":"https:\/\/daliurojus.lt\/en\/shop\/aksesuarai\/avarines-ir-pagalbines-priemones\/tech-apziuros-rinkiniai\/automobilio-saugos-rinkinys-techninei-apziurai-su-1kg-gesintuvu-2\/","title":{"rendered":"Automobilio saugos rinkinys techninei ap\u017ei\u016brai su 1kg gesintuvu"},"content":{"rendered":"<p><small class=\"cont-product__cell cell-title is-hidden-on-grid\">KODAS<\/small><\/p>\n<p class=\"par\">xPPR1023<\/p>\n<p><small class=\"cont-product__cell cell-title is-hidden-on-grid\">TIEK\u0116JO KODAS<\/small><\/p>\n<p class=\"par\">PPR1023<\/p>\n<p><small class=\"cont-product__cell cell-title is-hidden-on-grid\">TIEK\u0116JAS<\/small><\/p>\n<p class=\"par\">ALBURNUS<\/p>\n<p>Sud\u0117tis: naujos sud\u0117ties pirmos pagalbos rinkinys, 1 kg gesintuvas ,\u0161vies\u0105 atspindinti saugumo liemen\u0117.<\/p>\n<table class=\"table-main table-info\">\n<tbody class=\"table-main__body\">\n<tr class=\"table-main__row\">\n<td class=\"table-main__cell\"><span class=\"table-main__t-node node-dynamic\"><b>Barkodas EAN<\/b><\/span><\/td>\n<td class=\"table-main__cell\"><span class=\"table-main__t-node node-dynamic\">4772214000386<\/span><\/td>\n<\/tr>\n<tr class=\"table-main__row\">\n<td class=\"table-main__cell\"><span class=\"table-main__t-node node-dynamic\"><b>Svoris<\/b><\/span><\/td>\n<td class=\"table-main__cell\"><span class=\"table-main__t-node node-dynamic\">3.4000 KG<\/span><\/td>\n<\/tr>\n<\/tbody>\n<\/table>","protected":false},"excerpt":{"rendered":"<p>KODAS xPPR1023 TIEK\u0116JO KODAS PPR1023 TIEK\u0116JAS ALBURNUS Sud\u0117tis: naujos sud\u0117ties pirmos pagalbos rinkinys, 1 kg gesintuvas ,\u0161vies\u0105 atspindinti saugumo liemen\u0117. Barkodas EAN 4772214000386 Svoris 3.4000 KG<\/p>","protected":false},"featured_media":11387,"comment_status":"open","ping_status":"closed","template":"","meta":{"_acf_changed":false},"product_brand":[],"product_cat":[17,42,49],"product_tag":[],"class_list":{"0":"post-11386","1":"product","2":"type-product","3":"status-publish","4":"has-post-thumbnail","6":"product_cat-aksesuarai","7":"product_cat-avarines-ir-pagalbines-priemones","8":"product_cat-tech-apziuros-rinkiniai","10":"first","11":"instock","12":"shipping-taxable","13":"purchasable","14":"product-type-simple"},"acf":[],"_links":{"self":[{"href":"https:\/\/daliurojus.lt\/en\/wp-json\/wp\/v2\/product\/11386","targetHints":{"allow":["GET"]}}],"collection":[{"href":"https:\/\/daliurojus.lt\/en\/wp-json\/wp\/v2\/product"}],"about":[{"href":"https:\/\/daliurojus.lt\/en\/wp-json\/wp\/v2\/types\/product"}],"replies":[{"embeddable":true,"href":"https:\/\/daliurojus.lt\/en\/wp-json\/wp\/v2\/comments?post=11386"}],"version-history":[{"count":1,"href":"https:\/\/daliurojus.lt\/en\/wp-json\/wp\/v2\/product\/11386\/revisions"}],"predecessor-version":[{"id":11388,"href":"https:\/\/daliurojus.lt\/en\/wp-json\/wp\/v2\/product\/11386\/revisions\/11388"}],"wp:featuredmedia":[{"embeddable":true,"href":"https:\/\/daliurojus.lt\/en\/wp-json\/wp\/v2\/media\/11387"}],"wp:attachment":[{"href":"https:\/\/daliurojus.lt\/en\/wp-json\/wp\/v2\/media?parent=11386"}],"wp:term":[{"taxonomy":"product_brand","embeddable":true,"href":"https:\/\/daliurojus.lt\/en\/wp-json\/wp\/v2\/product_brand?post=11386"},{"taxonomy":"product_cat","embeddable":true,"href":"https:\/\/daliurojus.lt\/en\/wp-json\/wp\/v2\/product_cat?post=11386"},{"taxonomy":"product_tag","embeddable":true,"href":"https:\/\/daliurojus.lt\/en\/wp-json\/wp\/v2\/product_tag?post=11386"}],"curies":[{"name":"wp","href":"https:\/\/api.w.org\/{rel}","templated":true}]}}