{"id":11383,"date":"2026-02-04T16:31:49","date_gmt":"2026-02-04T16:31:49","guid":{"rendered":"https:\/\/daliurojus.lt\/?post_type=product&#038;p=11383"},"modified":"2026-02-04T16:31:49","modified_gmt":"2026-02-04T16:31:49","slug":"automobilio-saugos-rinkinys-techninei-apziurai-su-1kg-gesintuvu","status":"publish","type":"product","link":"https:\/\/daliurojus.lt\/en\/shop\/aksesuarai\/avarines-ir-pagalbines-priemones\/tech-apziuros-rinkiniai\/automobilio-saugos-rinkinys-techninei-apziurai-su-1kg-gesintuvu\/","title":{"rendered":"Automobilio saugos rinkinys techninei ap\u017ei\u016brai su 1kg gesintuvu"},"content":{"rendered":"<p><small class=\"cont-product__cell cell-title is-hidden-on-grid\">KODAS<\/small><\/p>\n<p class=\"par\">xPPR1021<\/p>\n<p><small class=\"cont-product__cell cell-title is-hidden-on-grid\">TIEK\u0116JO KODAS<\/small><\/p>\n<p class=\"par\">PPR1021<\/p>\n<p><small class=\"cont-product__cell cell-title is-hidden-on-grid\">TIEK\u0116JAS<\/small><\/p>\n<p class=\"par\">ALBURNUS<\/p>\n<p>Naujos pilnos sud\u0117ties vaistin\u0117l\u0117 (pirmos pagalbos rinkinys), atitinka LR SAM 2020 m. gruod\u017eio 10 d. \u012fsakym\u0105 NR. V-2876, \u012fsigaliojus\u012f nuo 2022 m. 1. Steril\u016bs \u012fvairi\u0173 dyd\u017ei\u0173 pleistrai \u2013 10vnt; 2. Pleistras (ruloninis) \u2013 1vnt; 3. Sterilus spaud\u017e. tvarstis, sterilus padelis 10 cm x 10cm, tvarstis 15 m x 200 cm \u2013 1 vnt; 4. Nesterilus tvarstis &#8211; 5vnt; 5. Palaikomasis trikampio formos tvarstis \u2013 2 vnt; 6. Pirmos pagalbos \u017eirkl\u0117s \u2013 1 vnt; 7. Speciali antklod\u0117, skirta paguldyti ar apkloti nukent\u0117jus\u012fj\u012f 130 cm x 210 cm \u2013 2vnt 8. Sterilus \u017eaizd\u0173 tvarstis 10 cm x 15 cm \u2013 10 vnt; 9. Vienkartin\u0117s medicinin\u0117s pir\u0161tin\u0117s (komplektas) \u2013 2 vnt; 10. Vienk. pirmos pagalbos gaivinimo kauk\u0117s dirbtiniam kv\u0117pavimui atlikti \u2013 2 vnt 11. Vienkartinis \u0161al\u010dio mai\u0161elis \u2013 2vnt; 12. Turniketas, skirtas stipriam kraujavimui gal\u016bn\u0117se stabdyti \u2013 2 vnt 13. Atmintin\u0117 \u2013 pirmosios pagalbos tiekimo apra\u0161ymas \u2013 1 vnt 14. Turniketo naudojimosi instrukcija \u2013 1 vnt<\/p>\n<table class=\"table-main table-info\">\n<tbody class=\"table-main__body\">\n<tr class=\"table-main__row\">\n<td class=\"table-main__cell\"><span class=\"table-main__t-node node-dynamic\"><b>Barkodas EAN<\/b><\/span><\/td>\n<td class=\"table-main__cell\"><span class=\"table-main__t-node node-dynamic\">4770001021255<\/span><\/td>\n<\/tr>\n<tr class=\"table-main__row\">\n<td class=\"table-main__cell\"><span class=\"table-main__t-node node-dynamic\"><b>Svoris<\/b><\/span><\/td>\n<td class=\"table-main__cell\"><span class=\"table-main__t-node node-dynamic\">0.0000 KG<\/span><\/td>\n<\/tr>\n<\/tbody>\n<\/table>","protected":false},"excerpt":{"rendered":"<p>KODAS xPPR1021 TIEK\u0116JO KODAS PPR1021 TIEK\u0116JAS ALBURNUS Naujos pilnos sud\u0117ties vaistin\u0117l\u0117 (pirmos pagalbos rinkinys), atitinka LR SAM 2020 m. gruod\u017eio 10 d. \u012fsakym\u0105 NR. V-2876, \u012fsigaliojus\u012f nuo 2022 m. 1. Steril\u016bs \u012fvairi\u0173 dyd\u017ei\u0173 pleistrai \u2013 10vnt; 2. Pleistras (ruloninis) \u2013 1vnt; 3. Sterilus spaud\u017e. tvarstis, sterilus padelis 10 cm x 10cm, tvarstis 15 m x [&hellip;]<\/p>","protected":false},"featured_media":11384,"comment_status":"open","ping_status":"closed","template":"","meta":{"_acf_changed":false},"product_brand":[],"product_cat":[17,42,49],"product_tag":[],"class_list":{"0":"post-11383","1":"product","2":"type-product","3":"status-publish","4":"has-post-thumbnail","6":"product_cat-aksesuarai","7":"product_cat-avarines-ir-pagalbines-priemones","8":"product_cat-tech-apziuros-rinkiniai","10":"first","11":"instock","12":"shipping-taxable","13":"purchasable","14":"product-type-simple"},"acf":[],"_links":{"self":[{"href":"https:\/\/daliurojus.lt\/en\/wp-json\/wp\/v2\/product\/11383","targetHints":{"allow":["GET"]}}],"collection":[{"href":"https:\/\/daliurojus.lt\/en\/wp-json\/wp\/v2\/product"}],"about":[{"href":"https:\/\/daliurojus.lt\/en\/wp-json\/wp\/v2\/types\/product"}],"replies":[{"embeddable":true,"href":"https:\/\/daliurojus.lt\/en\/wp-json\/wp\/v2\/comments?post=11383"}],"version-history":[{"count":1,"href":"https:\/\/daliurojus.lt\/en\/wp-json\/wp\/v2\/product\/11383\/revisions"}],"predecessor-version":[{"id":11385,"href":"https:\/\/daliurojus.lt\/en\/wp-json\/wp\/v2\/product\/11383\/revisions\/11385"}],"wp:featuredmedia":[{"embeddable":true,"href":"https:\/\/daliurojus.lt\/en\/wp-json\/wp\/v2\/media\/11384"}],"wp:attachment":[{"href":"https:\/\/daliurojus.lt\/en\/wp-json\/wp\/v2\/media?parent=11383"}],"wp:term":[{"taxonomy":"product_brand","embeddable":true,"href":"https:\/\/daliurojus.lt\/en\/wp-json\/wp\/v2\/product_brand?post=11383"},{"taxonomy":"product_cat","embeddable":true,"href":"https:\/\/daliurojus.lt\/en\/wp-json\/wp\/v2\/product_cat?post=11383"},{"taxonomy":"product_tag","embeddable":true,"href":"https:\/\/daliurojus.lt\/en\/wp-json\/wp\/v2\/product_tag?post=11383"}],"curies":[{"name":"wp","href":"https:\/\/api.w.org\/{rel}","templated":true}]}}