{"id":11364,"date":"2026-02-04T16:09:37","date_gmt":"2026-02-04T16:09:37","guid":{"rendered":"https:\/\/daliurojus.lt\/?post_type=product&#038;p=11364"},"modified":"2026-02-04T16:09:37","modified_gmt":"2026-02-04T16:09:37","slug":"nedegus-audeklas-alburnus","status":"publish","type":"product","link":"https:\/\/daliurojus.lt\/en\/shop\/aksesuarai\/avarines-ir-pagalbines-priemones\/gesintuvai\/nedegus-audeklas-alburnus\/","title":{"rendered":"Nedegus audeklas ALBURNUS"},"content":{"rendered":"<p><small class=\"cont-product__cell cell-title is-hidden-on-grid\">KODAS<\/small><\/p>\n<p class=\"par\">xFB01<\/p>\n<p><small class=\"cont-product__cell cell-title is-hidden-on-grid\">TIEK\u0116JO KODAS<\/small><\/p>\n<p class=\"par\">FB01<\/p>\n<p><small class=\"cont-product__cell cell-title is-hidden-on-grid\">TIEK\u0116JAS<\/small><\/p>\n<p class=\"par\">ALBURNUS<\/p>\n<p>Audeklas i\u0161 nedegaus stiklo pluo\u0161to supakuotas \u012f special\u0173 mai\u0161el\u012f, o kad b\u016bt\u0173 patogiau naudoti buityje prie jo pritvirtinti dir\u017eeliai. Nedegus audeklas naudojamas u\u017edengiant med\u017eiagas, kurios nedega be deguonies. AII \u2013 1,20 x 1,80.<\/p>\n<table class=\"table-main table-info\">\n<tbody class=\"table-main__body\">\n<tr class=\"table-main__row\">\n<td class=\"table-main__cell\"><span class=\"table-main__t-node node-dynamic\"><b>Kilm\u0117s \u0161alis<\/b><\/span><\/td>\n<td class=\"table-main__cell\"><span class=\"table-main__t-node node-dynamic\">CN<\/span><\/td>\n<\/tr>\n<tr class=\"table-main__row\">\n<td class=\"table-main__cell\"><span class=\"table-main__t-node node-dynamic\"><b>Barkodas EAN<\/b><\/span><\/td>\n<td class=\"table-main__cell\"><span class=\"table-main__t-node node-dynamic\">4772214008481<\/span><\/td>\n<\/tr>\n<tr class=\"table-main__row\">\n<td class=\"table-main__cell\"><span class=\"table-main__t-node node-dynamic\"><b>Svoris<\/b><\/span><\/td>\n<td class=\"table-main__cell\"><span class=\"table-main__t-node node-dynamic\">1.1600 KG<\/span><\/td>\n<\/tr>\n<\/tbody>\n<\/table>","protected":false},"excerpt":{"rendered":"<p>KODAS xFB01 TIEK\u0116JO KODAS FB01 TIEK\u0116JAS ALBURNUS Audeklas i\u0161 nedegaus stiklo pluo\u0161to supakuotas \u012f special\u0173 mai\u0161el\u012f, o kad b\u016bt\u0173 patogiau naudoti buityje prie jo pritvirtinti dir\u017eeliai. Nedegus audeklas naudojamas u\u017edengiant med\u017eiagas, kurios nedega be deguonies. AII \u2013 1,20 x 1,80. Kilm\u0117s \u0161alis CN Barkodas EAN 4772214008481 Svoris 1.1600 KG<\/p>","protected":false},"featured_media":11365,"comment_status":"open","ping_status":"closed","template":"","meta":{"_acf_changed":false},"product_brand":[],"product_cat":[17,42,46],"product_tag":[],"class_list":{"0":"post-11364","1":"product","2":"type-product","3":"status-publish","4":"has-post-thumbnail","6":"product_cat-aksesuarai","7":"product_cat-avarines-ir-pagalbines-priemones","8":"product_cat-gesintuvai","10":"first","11":"instock","12":"shipping-taxable","13":"purchasable","14":"product-type-simple"},"acf":[],"_links":{"self":[{"href":"https:\/\/daliurojus.lt\/en\/wp-json\/wp\/v2\/product\/11364","targetHints":{"allow":["GET"]}}],"collection":[{"href":"https:\/\/daliurojus.lt\/en\/wp-json\/wp\/v2\/product"}],"about":[{"href":"https:\/\/daliurojus.lt\/en\/wp-json\/wp\/v2\/types\/product"}],"replies":[{"embeddable":true,"href":"https:\/\/daliurojus.lt\/en\/wp-json\/wp\/v2\/comments?post=11364"}],"version-history":[{"count":1,"href":"https:\/\/daliurojus.lt\/en\/wp-json\/wp\/v2\/product\/11364\/revisions"}],"predecessor-version":[{"id":11366,"href":"https:\/\/daliurojus.lt\/en\/wp-json\/wp\/v2\/product\/11364\/revisions\/11366"}],"wp:featuredmedia":[{"embeddable":true,"href":"https:\/\/daliurojus.lt\/en\/wp-json\/wp\/v2\/media\/11365"}],"wp:attachment":[{"href":"https:\/\/daliurojus.lt\/en\/wp-json\/wp\/v2\/media?parent=11364"}],"wp:term":[{"taxonomy":"product_brand","embeddable":true,"href":"https:\/\/daliurojus.lt\/en\/wp-json\/wp\/v2\/product_brand?post=11364"},{"taxonomy":"product_cat","embeddable":true,"href":"https:\/\/daliurojus.lt\/en\/wp-json\/wp\/v2\/product_cat?post=11364"},{"taxonomy":"product_tag","embeddable":true,"href":"https:\/\/daliurojus.lt\/en\/wp-json\/wp\/v2\/product_tag?post=11364"}],"curies":[{"name":"wp","href":"https:\/\/api.w.org\/{rel}","templated":true}]}}