{"id":11333,"date":"2026-02-04T15:41:42","date_gmt":"2026-02-04T15:41:42","guid":{"rendered":"https:\/\/daliurojus.lt\/?post_type=product&#038;p=11333"},"modified":"2026-02-04T15:41:42","modified_gmt":"2026-02-04T15:41:42","slug":"sviesa-atspindinti-geltona-liemene-s-54cm","status":"publish","type":"product","link":"https:\/\/daliurojus.lt\/en\/shop\/aksesuarai\/avarines-ir-pagalbines-priemones\/apsaugines-liemenes\/sviesa-atspindinti-geltona-liemene-s-54cm\/","title":{"rendered":"\u0160vies\u0105 atspindinti geltona liemen\u0117 S 54cm"},"content":{"rendered":"<p><small class=\"cont-product__cell cell-title is-hidden-on-grid\">KODAS<\/small><\/p>\n<p class=\"par\">xLEM6092<\/p>\n<p><small class=\"cont-product__cell cell-title is-hidden-on-grid\">TIEK\u0116JO KODAS<\/small><\/p>\n<p class=\"par\">LEM6092<\/p>\n<p><small class=\"cont-product__cell cell-title is-hidden-on-grid\">TIEK\u0116JAS<\/small><\/p>\n<p class=\"par\">N\/A<\/p>\n<p>\u0160vies\u0105 atspindinti liemen\u0117 skirta vaikams. S dydis: Auk\u0161tis: 54cm. Plotis : 90-110cm. Atitinka visus CE reikalavimus.<\/p>\n<table class=\"table-main table-info\">\n<tbody class=\"table-main__body\">\n<tr class=\"table-main__row\">\n<td class=\"table-main__cell\"><span class=\"table-main__t-node node-dynamic\"><b>Kilm\u0117s \u0161alis<\/b><\/span><\/td>\n<td class=\"table-main__cell\"><span class=\"table-main__t-node node-dynamic\">CN<\/span><\/td>\n<\/tr>\n<tr class=\"table-main__row\">\n<td class=\"table-main__cell\"><span class=\"table-main__t-node node-dynamic\"><b>Barkodas EAN<\/b><\/span><\/td>\n<td class=\"table-main__cell\"><span class=\"table-main__t-node node-dynamic\">5901299006092<\/span><\/td>\n<\/tr>\n<tr class=\"table-main__row\">\n<td class=\"table-main__cell\"><span class=\"table-main__t-node node-dynamic\"><b>Svoris<\/b><\/span><\/td>\n<td class=\"table-main__cell\"><span class=\"table-main__t-node node-dynamic\">0.0000 KG<\/span><\/td>\n<\/tr>\n<\/tbody>\n<\/table>","protected":false},"excerpt":{"rendered":"<p>KODAS xLEM6092 TIEK\u0116JO KODAS LEM6092 TIEK\u0116JAS N\/A \u0160vies\u0105 atspindinti liemen\u0117 skirta vaikams. S dydis: Auk\u0161tis: 54cm. Plotis : 90-110cm. Atitinka visus CE reikalavimus. Kilm\u0117s \u0161alis CN Barkodas EAN 5901299006092 Svoris 0.0000 KG<\/p>","protected":false},"featured_media":11334,"comment_status":"open","ping_status":"closed","template":"","meta":{"_acf_changed":false},"product_brand":[],"product_cat":[17,43,42],"product_tag":[],"class_list":{"0":"post-11333","1":"product","2":"type-product","3":"status-publish","4":"has-post-thumbnail","6":"product_cat-aksesuarai","7":"product_cat-apsaugines-liemenes","8":"product_cat-avarines-ir-pagalbines-priemones","10":"first","11":"instock","12":"shipping-taxable","13":"purchasable","14":"product-type-simple"},"acf":[],"_links":{"self":[{"href":"https:\/\/daliurojus.lt\/en\/wp-json\/wp\/v2\/product\/11333","targetHints":{"allow":["GET"]}}],"collection":[{"href":"https:\/\/daliurojus.lt\/en\/wp-json\/wp\/v2\/product"}],"about":[{"href":"https:\/\/daliurojus.lt\/en\/wp-json\/wp\/v2\/types\/product"}],"replies":[{"embeddable":true,"href":"https:\/\/daliurojus.lt\/en\/wp-json\/wp\/v2\/comments?post=11333"}],"version-history":[{"count":1,"href":"https:\/\/daliurojus.lt\/en\/wp-json\/wp\/v2\/product\/11333\/revisions"}],"predecessor-version":[{"id":11335,"href":"https:\/\/daliurojus.lt\/en\/wp-json\/wp\/v2\/product\/11333\/revisions\/11335"}],"wp:featuredmedia":[{"embeddable":true,"href":"https:\/\/daliurojus.lt\/en\/wp-json\/wp\/v2\/media\/11334"}],"wp:attachment":[{"href":"https:\/\/daliurojus.lt\/en\/wp-json\/wp\/v2\/media?parent=11333"}],"wp:term":[{"taxonomy":"product_brand","embeddable":true,"href":"https:\/\/daliurojus.lt\/en\/wp-json\/wp\/v2\/product_brand?post=11333"},{"taxonomy":"product_cat","embeddable":true,"href":"https:\/\/daliurojus.lt\/en\/wp-json\/wp\/v2\/product_cat?post=11333"},{"taxonomy":"product_tag","embeddable":true,"href":"https:\/\/daliurojus.lt\/en\/wp-json\/wp\/v2\/product_tag?post=11333"}],"curies":[{"name":"wp","href":"https:\/\/api.w.org\/{rel}","templated":true}]}}