{"id":11308,"date":"2026-02-04T15:09:26","date_gmt":"2026-02-04T15:09:26","guid":{"rendered":"https:\/\/daliurojus.lt\/?post_type=product&#038;p=11308"},"modified":"2026-02-04T15:09:26","modified_gmt":"2026-02-04T15:09:26","slug":"mikropluosto-sausinimo-sluoste-k2-flossy-60x90cm-800g","status":"publish","type":"product","link":"https:\/\/daliurojus.lt\/en\/shop\/aksesuarai\/automobilio-prieziuros-priemones-ir-irankiai\/nusausinimo-serveteles\/mikropluosto-sausinimo-sluoste-k2-flossy-60x90cm-800g\/","title":{"rendered":"Mikropluo\u0161to sausinimo \u0161luost\u0117 K2 Flossy 60x90cm 800g"},"content":{"rendered":"<p><small class=\"cont-product__cell cell-title is-hidden-on-grid\">KODAS<\/small><\/p>\n<p class=\"par\">x11220<\/p>\n<p><small class=\"cont-product__cell cell-title is-hidden-on-grid\">TIEK\u0116JO KODAS<\/small><\/p>\n<p class=\"par\">11220<\/p>\n<p><small class=\"cont-product__cell cell-title is-hidden-on-grid\">TIEK\u0116JAS<\/small><\/p>\n<p class=\"par\">K2<\/p>\n<p>K2 FLOSSY PRO \u2013 tai auk\u0161tos klas\u0117s mikropluo\u0161to \u0161luost\u0117, sukurta tam, kad automobilio d\u017eiovinimas b\u016bt\u0173 greitas, saugus ir efektyvus. D\u0117l dvigubo pynimo \u0161ereli\u0173 technologijos ji pasi\u017eymi i\u0161skirtiniu dr\u0117gm\u0117s sugeriamumu ir \u0161velniu slydimu, nepaliekan\u010diu joki\u0173 vandens \u017eymi\u0173 ar liku\u010di\u0173. \u0160luost\u0117s dydis leid\u017eia padengti didelius pavir\u0161ius vos keliais perbraukimais, o didelis tankis u\u017etikrina, kad net ir gausus vandens kiekis bus greitai pa\u0161alintas. Naudojant FLOSSY PRO po plovimo ar poliravimo, pavir\u0161ius i\u0161lieka \u0161varus, sausas ir be dry\u017ei\u0173 \u2013 nereikia net naudoti kitos \u0161luost\u0117s pus\u0117s. Mink\u0161tas, bet tvirtas mikropluo\u0161to audinys saugiai lie\u010diasi su da\u017eytais pavir\u0161iais, nebrai\u017eo j\u0173 ir nepalieka p\u016bkeli\u0173. Tai puikus pasirinkimas tiek kasdieniam automobilio prie\u017ei\u016bros entuziastui, tiek profesionaliam detali\u0173 specialistui, siekian\u010diam auk\u0161\u010diausios kokyb\u0117s rezultato. Dydis: 60x90xm Tankis: 800gsm<\/p>\n<table class=\"table-main table-info\">\n<tbody class=\"table-main__body\">\n<tr class=\"table-main__row\">\n<td class=\"table-main__cell\"><span class=\"table-main__t-node node-dynamic\"><b>Barkodas EAN<\/b><\/span><\/td>\n<td class=\"table-main__cell\"><span class=\"table-main__t-node node-dynamic\">5906534019080<\/span><\/td>\n<\/tr>\n<tr class=\"table-main__row\">\n<td class=\"table-main__cell\"><span class=\"table-main__t-node node-dynamic\"><b>Svoris<\/b><\/span><\/td>\n<td class=\"table-main__cell\"><span class=\"table-main__t-node node-dynamic\">0.0000 KG<\/span><\/td>\n<\/tr>\n<\/tbody>\n<\/table>","protected":false},"excerpt":{"rendered":"<p>KODAS x11220 TIEK\u0116JO KODAS 11220 TIEK\u0116JAS K2 K2 FLOSSY PRO \u2013 tai auk\u0161tos klas\u0117s mikropluo\u0161to \u0161luost\u0117, sukurta tam, kad automobilio d\u017eiovinimas b\u016bt\u0173 greitas, saugus ir efektyvus. D\u0117l dvigubo pynimo \u0161ereli\u0173 technologijos ji pasi\u017eymi i\u0161skirtiniu dr\u0117gm\u0117s sugeriamumu ir \u0161velniu slydimu, nepaliekan\u010diu joki\u0173 vandens \u017eymi\u0173 ar liku\u010di\u0173. \u0160luost\u0117s dydis leid\u017eia padengti didelius pavir\u0161ius vos keliais perbraukimais, o [&hellip;]<\/p>","protected":false},"featured_media":11309,"comment_status":"open","ping_status":"closed","template":"","meta":{"_acf_changed":false},"product_brand":[],"product_cat":[17,37,40],"product_tag":[],"class_list":{"0":"post-11308","1":"product","2":"type-product","3":"status-publish","4":"has-post-thumbnail","6":"product_cat-aksesuarai","7":"product_cat-automobilio-prieziuros-priemones-ir-irankiai","8":"product_cat-nusausinimo-serveteles","10":"first","11":"instock","12":"shipping-taxable","13":"purchasable","14":"product-type-simple"},"acf":[],"_links":{"self":[{"href":"https:\/\/daliurojus.lt\/en\/wp-json\/wp\/v2\/product\/11308","targetHints":{"allow":["GET"]}}],"collection":[{"href":"https:\/\/daliurojus.lt\/en\/wp-json\/wp\/v2\/product"}],"about":[{"href":"https:\/\/daliurojus.lt\/en\/wp-json\/wp\/v2\/types\/product"}],"replies":[{"embeddable":true,"href":"https:\/\/daliurojus.lt\/en\/wp-json\/wp\/v2\/comments?post=11308"}],"version-history":[{"count":1,"href":"https:\/\/daliurojus.lt\/en\/wp-json\/wp\/v2\/product\/11308\/revisions"}],"predecessor-version":[{"id":11310,"href":"https:\/\/daliurojus.lt\/en\/wp-json\/wp\/v2\/product\/11308\/revisions\/11310"}],"wp:featuredmedia":[{"embeddable":true,"href":"https:\/\/daliurojus.lt\/en\/wp-json\/wp\/v2\/media\/11309"}],"wp:attachment":[{"href":"https:\/\/daliurojus.lt\/en\/wp-json\/wp\/v2\/media?parent=11308"}],"wp:term":[{"taxonomy":"product_brand","embeddable":true,"href":"https:\/\/daliurojus.lt\/en\/wp-json\/wp\/v2\/product_brand?post=11308"},{"taxonomy":"product_cat","embeddable":true,"href":"https:\/\/daliurojus.lt\/en\/wp-json\/wp\/v2\/product_cat?post=11308"},{"taxonomy":"product_tag","embeddable":true,"href":"https:\/\/daliurojus.lt\/en\/wp-json\/wp\/v2\/product_tag?post=11308"}],"curies":[{"name":"wp","href":"https:\/\/api.w.org\/{rel}","templated":true}]}}