{"id":11305,"date":"2026-02-04T15:07:21","date_gmt":"2026-02-04T15:07:21","guid":{"rendered":"https:\/\/daliurojus.lt\/?post_type=product&#038;p=11305"},"modified":"2026-02-04T15:07:21","modified_gmt":"2026-02-04T15:07:21","slug":"mikropluosto-sausinimo-sluoste-sonax-microfibre-drying-cloth-plus-80x50cm","status":"publish","type":"product","link":"https:\/\/daliurojus.lt\/en\/shop\/aksesuarai\/automobilio-prieziuros-priemones-ir-irankiai\/nusausinimo-serveteles\/mikropluosto-sausinimo-sluoste-sonax-microfibre-drying-cloth-plus-80x50cm\/","title":{"rendered":"Mikropluo\u0161to sausinimo \u0161luost\u0117 SONAX Microfibre Drying Cloth PLUS 80x50cm"},"content":{"rendered":"<p><small class=\"cont-product__cell cell-title is-hidden-on-grid\">KODAS<\/small><\/p>\n<p class=\"par\">04512000-SONAX<\/p>\n<p><small class=\"cont-product__cell cell-title is-hidden-on-grid\">TIEK\u0116JO KODAS<\/small><\/p>\n<p class=\"par\">04512000<\/p>\n<p><small class=\"cont-product__cell cell-title is-hidden-on-grid\">TIEK\u0116JAS<\/small><\/p>\n<p class=\"par\">SONAX<\/p>\n<p>Tai \u2013 puiki mikropluo\u0161to \u0161luost\u0117 sausinimui su jos pagalba greitai nusausinsite automobilio k\u0117bul\u0105. Itin \u0161velni, suapvalintais kampais ir apsi\u016btais kra\u0161tais \u2013 nebrai\u017eo pavir\u0161i\u0173. Ypatingai supinto mikropluo\u0161to \u0161luost\u0117 (460g\/m\u00b2) puikiai sugeria vanden\u012f ir greitai i\u0161d\u017ei\u016bsta. Mikropluo\u0161to \u0161luost\u0117s sausinimui prie\u017ei\u016bra: Plaunama iki 60 laipsni\u0173 temperat\u016bros. Nenaudoti skalbini\u0173 mink\u0161tiklio. Nerekomenduojama gr\u0119\u017eti skalbimo ma\u0161inoje, geriau leisti pa\u010diai \u0161luostei i\u0161d\u017ei\u016bti. I\u0161matavimai: 80 x 50 cm 520GSM<\/p>\n<table class=\"table-main table-info\">\n<tbody class=\"table-main__body\">\n<tr class=\"table-main__row\">\n<td class=\"table-main__cell\"><span class=\"table-main__t-node node-dynamic\"><b>Kilm\u0117s \u0161alis<\/b><\/span><\/td>\n<td class=\"table-main__cell\"><span class=\"table-main__t-node node-dynamic\">DE<\/span><\/td>\n<\/tr>\n<tr class=\"table-main__row\">\n<td class=\"table-main__cell\"><span class=\"table-main__t-node node-dynamic\"><b>Barkodas EAN<\/b><\/span><\/td>\n<td class=\"table-main__cell\"><span class=\"table-main__t-node node-dynamic\">4064700451209<\/span><\/td>\n<\/tr>\n<tr class=\"table-main__row\">\n<td class=\"table-main__cell\"><span class=\"table-main__t-node node-dynamic\"><b>Svoris<\/b><\/span><\/td>\n<td class=\"table-main__cell\"><span class=\"table-main__t-node node-dynamic\">0.2900 KG<\/span><\/td>\n<\/tr>\n<\/tbody>\n<\/table>","protected":false},"excerpt":{"rendered":"<p>KODAS 04512000-SONAX TIEK\u0116JO KODAS 04512000 TIEK\u0116JAS SONAX Tai \u2013 puiki mikropluo\u0161to \u0161luost\u0117 sausinimui su jos pagalba greitai nusausinsite automobilio k\u0117bul\u0105. Itin \u0161velni, suapvalintais kampais ir apsi\u016btais kra\u0161tais \u2013 nebrai\u017eo pavir\u0161i\u0173. Ypatingai supinto mikropluo\u0161to \u0161luost\u0117 (460g\/m\u00b2) puikiai sugeria vanden\u012f ir greitai i\u0161d\u017ei\u016bsta. Mikropluo\u0161to \u0161luost\u0117s sausinimui prie\u017ei\u016bra: Plaunama iki 60 laipsni\u0173 temperat\u016bros. Nenaudoti skalbini\u0173 mink\u0161tiklio. Nerekomenduojama gr\u0119\u017eti [&hellip;]<\/p>","protected":false},"featured_media":11306,"comment_status":"open","ping_status":"closed","template":"","meta":{"_acf_changed":false},"product_brand":[],"product_cat":[17,37,40],"product_tag":[],"class_list":{"0":"post-11305","1":"product","2":"type-product","3":"status-publish","4":"has-post-thumbnail","6":"product_cat-aksesuarai","7":"product_cat-automobilio-prieziuros-priemones-ir-irankiai","8":"product_cat-nusausinimo-serveteles","10":"first","11":"instock","12":"shipping-taxable","13":"purchasable","14":"product-type-simple"},"acf":[],"_links":{"self":[{"href":"https:\/\/daliurojus.lt\/en\/wp-json\/wp\/v2\/product\/11305","targetHints":{"allow":["GET"]}}],"collection":[{"href":"https:\/\/daliurojus.lt\/en\/wp-json\/wp\/v2\/product"}],"about":[{"href":"https:\/\/daliurojus.lt\/en\/wp-json\/wp\/v2\/types\/product"}],"replies":[{"embeddable":true,"href":"https:\/\/daliurojus.lt\/en\/wp-json\/wp\/v2\/comments?post=11305"}],"version-history":[{"count":1,"href":"https:\/\/daliurojus.lt\/en\/wp-json\/wp\/v2\/product\/11305\/revisions"}],"predecessor-version":[{"id":11307,"href":"https:\/\/daliurojus.lt\/en\/wp-json\/wp\/v2\/product\/11305\/revisions\/11307"}],"wp:featuredmedia":[{"embeddable":true,"href":"https:\/\/daliurojus.lt\/en\/wp-json\/wp\/v2\/media\/11306"}],"wp:attachment":[{"href":"https:\/\/daliurojus.lt\/en\/wp-json\/wp\/v2\/media?parent=11305"}],"wp:term":[{"taxonomy":"product_brand","embeddable":true,"href":"https:\/\/daliurojus.lt\/en\/wp-json\/wp\/v2\/product_brand?post=11305"},{"taxonomy":"product_cat","embeddable":true,"href":"https:\/\/daliurojus.lt\/en\/wp-json\/wp\/v2\/product_cat?post=11305"},{"taxonomy":"product_tag","embeddable":true,"href":"https:\/\/daliurojus.lt\/en\/wp-json\/wp\/v2\/product_tag?post=11305"}],"curies":[{"name":"wp","href":"https:\/\/api.w.org\/{rel}","templated":true}]}}