{"id":11300,"date":"2026-02-04T15:02:16","date_gmt":"2026-02-04T15:02:16","guid":{"rendered":"https:\/\/daliurojus.lt\/?post_type=product&#038;p=11300"},"modified":"2026-02-04T15:02:17","modified_gmt":"2026-02-04T15:02:17","slug":"mikropluosto-sluoste-sonax-microfibre-cloth-soft-touch-3-vnt","status":"publish","type":"product","link":"https:\/\/daliurojus.lt\/en\/shop\/aksesuarai\/automobilio-prieziuros-priemones-ir-irankiai\/mikrosluostes\/mikropluosto-sluoste-sonax-microfibre-cloth-soft-touch-3-vnt\/","title":{"rendered":"Mikropluo\u0161to \u0161luost\u0117 SONAX Microfibre Cloth Soft touch 3 vnt."},"content":{"rendered":"<p><small class=\"cont-product__cell cell-title is-hidden-on-grid\">KODAS<\/small><\/p>\n<p class=\"par\">04510000-SONAX<\/p>\n<p><small class=\"cont-product__cell cell-title is-hidden-on-grid\">TIEK\u0116JO KODAS<\/small><\/p>\n<p class=\"par\">04510000<\/p>\n<p><small class=\"cont-product__cell cell-title is-hidden-on-grid\">TIEK\u0116JAS<\/small><\/p>\n<p class=\"par\">SONAX<\/p>\n<p>Mikropluo\u0161to audinys su labai mink\u0161tais, daug vandens sugerian\u010diais pluo\u0161tais ir puikia absorbcijos galia. Universalus: puikiai tinka poliravimo ir \u012fvairi\u0173 apsaugini\u0173 dang\u0173 valymui, taip pat tinka vidaus valymui. Special\u016bs kra\u0161tai, kad b\u016bt\u0173 i\u0161vengta \u012fbr\u0117\u017eim\u0173. Ilgai tarnauja 340GSM PRIVALUMAI: Mikropluo\u0161to \u0161luost\u0117s skirtos i\u0161or\u0117s ir vidaus valymui Universalus audinys \u012fvairiems tikslams Optimalus sugeriamumas vis\u0173 tip\u0173 poliravimo ir dengimo darbams Interjero tekstil\u0117s, s\u0117dyni\u0173 ir kilim\u0173 valymui I\u0161or\u0117s valymas, poliravimas be \u012fbr\u0117\u017eim\u0173 ir be paliekam\u0173 dry\u017ei\u0173 Med\u017eiagos sud\u0117tis: 85% POLIESTERIS, 15% POLIAMIDAS Matmenys: 40\u00d740 cm D\u0116MESIO: Galima skalbti skalbimo ma\u0161inoje iki 60\u00b0C. Nenaudoti audini\u0173 mink\u0161tiklio. Ned\u017eiovinti d\u017eiovykl\u0117je.<\/p>\n<table class=\"table-main table-info\">\n<tbody class=\"table-main__body\">\n<tr class=\"table-main__row\">\n<td class=\"table-main__cell\"><span class=\"table-main__t-node node-dynamic\"><b>Kilm\u0117s \u0161alis<\/b><\/span><\/td>\n<td class=\"table-main__cell\"><span class=\"table-main__t-node node-dynamic\">DE<\/span><\/td>\n<\/tr>\n<tr class=\"table-main__row\">\n<td class=\"table-main__cell\"><span class=\"table-main__t-node node-dynamic\"><b>Barkodas EAN<\/b><\/span><\/td>\n<td class=\"table-main__cell\"><span class=\"table-main__t-node node-dynamic\">4064700451001<\/span><\/td>\n<\/tr>\n<tr class=\"table-main__row\">\n<td class=\"table-main__cell\"><span class=\"table-main__t-node node-dynamic\"><b>Svoris<\/b><\/span><\/td>\n<td class=\"table-main__cell\"><span class=\"table-main__t-node node-dynamic\">0.3000 KG<\/span><\/td>\n<\/tr>\n<\/tbody>\n<\/table>","protected":false},"excerpt":{"rendered":"<p>KODAS 04510000-SONAX TIEK\u0116JO KODAS 04510000 TIEK\u0116JAS SONAX Mikropluo\u0161to audinys su labai mink\u0161tais, daug vandens sugerian\u010diais pluo\u0161tais ir puikia absorbcijos galia. Universalus: puikiai tinka poliravimo ir \u012fvairi\u0173 apsaugini\u0173 dang\u0173 valymui, taip pat tinka vidaus valymui. Special\u016bs kra\u0161tai, kad b\u016bt\u0173 i\u0161vengta \u012fbr\u0117\u017eim\u0173. Ilgai tarnauja 340GSM PRIVALUMAI: Mikropluo\u0161to \u0161luost\u0117s skirtos i\u0161or\u0117s ir vidaus valymui Universalus audinys \u012fvairiems tikslams [&hellip;]<\/p>","protected":false},"featured_media":11301,"comment_status":"open","ping_status":"closed","template":"","meta":{"_acf_changed":false},"product_brand":[],"product_cat":[17,37,39],"product_tag":[],"class_list":{"0":"post-11300","1":"product","2":"type-product","3":"status-publish","4":"has-post-thumbnail","6":"product_cat-aksesuarai","7":"product_cat-automobilio-prieziuros-priemones-ir-irankiai","8":"product_cat-mikrosluostes","10":"first","11":"instock","12":"shipping-taxable","13":"purchasable","14":"product-type-simple"},"acf":[],"_links":{"self":[{"href":"https:\/\/daliurojus.lt\/en\/wp-json\/wp\/v2\/product\/11300","targetHints":{"allow":["GET"]}}],"collection":[{"href":"https:\/\/daliurojus.lt\/en\/wp-json\/wp\/v2\/product"}],"about":[{"href":"https:\/\/daliurojus.lt\/en\/wp-json\/wp\/v2\/types\/product"}],"replies":[{"embeddable":true,"href":"https:\/\/daliurojus.lt\/en\/wp-json\/wp\/v2\/comments?post=11300"}],"version-history":[{"count":1,"href":"https:\/\/daliurojus.lt\/en\/wp-json\/wp\/v2\/product\/11300\/revisions"}],"predecessor-version":[{"id":11302,"href":"https:\/\/daliurojus.lt\/en\/wp-json\/wp\/v2\/product\/11300\/revisions\/11302"}],"wp:featuredmedia":[{"embeddable":true,"href":"https:\/\/daliurojus.lt\/en\/wp-json\/wp\/v2\/media\/11301"}],"wp:attachment":[{"href":"https:\/\/daliurojus.lt\/en\/wp-json\/wp\/v2\/media?parent=11300"}],"wp:term":[{"taxonomy":"product_brand","embeddable":true,"href":"https:\/\/daliurojus.lt\/en\/wp-json\/wp\/v2\/product_brand?post=11300"},{"taxonomy":"product_cat","embeddable":true,"href":"https:\/\/daliurojus.lt\/en\/wp-json\/wp\/v2\/product_cat?post=11300"},{"taxonomy":"product_tag","embeddable":true,"href":"https:\/\/daliurojus.lt\/en\/wp-json\/wp\/v2\/product_tag?post=11300"}],"curies":[{"name":"wp","href":"https:\/\/api.w.org\/{rel}","templated":true}]}}