{"id":11283,"date":"2026-02-04T14:47:17","date_gmt":"2026-02-04T14:47:17","guid":{"rendered":"https:\/\/daliurojus.lt\/?post_type=product&#038;p=11283"},"modified":"2026-02-04T14:47:17","modified_gmt":"2026-02-04T14:47:17","slug":"kempine-turtle-wax-jumbo","status":"publish","type":"product","link":"https:\/\/daliurojus.lt\/en\/shop\/aksesuarai\/automobilio-prieziuros-priemones-ir-irankiai\/kempines\/kempine-turtle-wax-jumbo\/","title":{"rendered":"Kempin\u0117 TURTLE WAX Jumbo"},"content":{"rendered":"<p><small class=\"cont-product__cell cell-title is-hidden-on-grid\">KODAS<\/small><\/p>\n<p class=\"par\">xTWX103TD4<\/p>\n<p><small class=\"cont-product__cell cell-title is-hidden-on-grid\">TIEK\u0116JO KODAS<\/small><\/p>\n<p class=\"par\">TWX103TD4<\/p>\n<p><small class=\"cont-product__cell cell-title is-hidden-on-grid\">TIEK\u0116JAS<\/small><\/p>\n<p class=\"par\">TURTLE WAX<\/p>\n<p>B\u016aTINA automobili\u0173 prie\u017ei\u016bros priemon\u0117 \u2013 tanki ir patvari, efektyviai valo visus i\u0161orinius pavir\u0161ius. Valykite be r\u016bpes\u010di\u0173! I\u0161matavimai: 22 x 11 x 7cm<\/p>\n<table class=\"table-main table-info\">\n<tbody class=\"table-main__body\">\n<tr class=\"table-main__row\">\n<td class=\"table-main__cell\"><span class=\"table-main__t-node node-dynamic\"><b>Barkodas EAN<\/b><\/span><\/td>\n<td class=\"table-main__cell\"><span class=\"table-main__t-node node-dynamic\">5018857007795<\/span><\/td>\n<\/tr>\n<tr class=\"table-main__row\">\n<td class=\"table-main__cell\"><span class=\"table-main__t-node node-dynamic\"><b>Svoris<\/b><\/span><\/td>\n<td class=\"table-main__cell\"><span class=\"table-main__t-node node-dynamic\">0.0000 KG<\/span><\/td>\n<\/tr>\n<\/tbody>\n<\/table>","protected":false},"excerpt":{"rendered":"<p>KODAS xTWX103TD4 TIEK\u0116JO KODAS TWX103TD4 TIEK\u0116JAS TURTLE WAX B\u016aTINA automobili\u0173 prie\u017ei\u016bros priemon\u0117 \u2013 tanki ir patvari, efektyviai valo visus i\u0161orinius pavir\u0161ius. Valykite be r\u016bpes\u010di\u0173! I\u0161matavimai: 22 x 11 x 7cm Barkodas EAN 5018857007795 Svoris 0.0000 KG<\/p>","protected":false},"featured_media":11284,"comment_status":"open","ping_status":"closed","template":"","meta":{"_acf_changed":false},"product_brand":[],"product_cat":[17,37,38],"product_tag":[],"class_list":{"0":"post-11283","1":"product","2":"type-product","3":"status-publish","4":"has-post-thumbnail","6":"product_cat-aksesuarai","7":"product_cat-automobilio-prieziuros-priemones-ir-irankiai","8":"product_cat-kempines","10":"first","11":"instock","12":"shipping-taxable","13":"purchasable","14":"product-type-simple"},"acf":[],"_links":{"self":[{"href":"https:\/\/daliurojus.lt\/en\/wp-json\/wp\/v2\/product\/11283","targetHints":{"allow":["GET"]}}],"collection":[{"href":"https:\/\/daliurojus.lt\/en\/wp-json\/wp\/v2\/product"}],"about":[{"href":"https:\/\/daliurojus.lt\/en\/wp-json\/wp\/v2\/types\/product"}],"replies":[{"embeddable":true,"href":"https:\/\/daliurojus.lt\/en\/wp-json\/wp\/v2\/comments?post=11283"}],"version-history":[{"count":1,"href":"https:\/\/daliurojus.lt\/en\/wp-json\/wp\/v2\/product\/11283\/revisions"}],"predecessor-version":[{"id":11285,"href":"https:\/\/daliurojus.lt\/en\/wp-json\/wp\/v2\/product\/11283\/revisions\/11285"}],"wp:featuredmedia":[{"embeddable":true,"href":"https:\/\/daliurojus.lt\/en\/wp-json\/wp\/v2\/media\/11284"}],"wp:attachment":[{"href":"https:\/\/daliurojus.lt\/en\/wp-json\/wp\/v2\/media?parent=11283"}],"wp:term":[{"taxonomy":"product_brand","embeddable":true,"href":"https:\/\/daliurojus.lt\/en\/wp-json\/wp\/v2\/product_brand?post=11283"},{"taxonomy":"product_cat","embeddable":true,"href":"https:\/\/daliurojus.lt\/en\/wp-json\/wp\/v2\/product_cat?post=11283"},{"taxonomy":"product_tag","embeddable":true,"href":"https:\/\/daliurojus.lt\/en\/wp-json\/wp\/v2\/product_tag?post=11283"}],"curies":[{"name":"wp","href":"https:\/\/api.w.org\/{rel}","templated":true}]}}