{"id":11280,"date":"2026-02-04T14:44:30","date_gmt":"2026-02-04T14:44:30","guid":{"rendered":"https:\/\/daliurojus.lt\/?post_type=product&#038;p=11280"},"modified":"2026-02-04T14:44:30","modified_gmt":"2026-02-04T14:44:30","slug":"vabzdziu-liekanu-valymo-kempine-sonax-insect-sponge-duo-2in1","status":"publish","type":"product","link":"https:\/\/daliurojus.lt\/en\/shop\/aksesuarai\/automobilio-prieziuros-priemones-ir-irankiai\/kempines\/vabzdziu-liekanu-valymo-kempine-sonax-insect-sponge-duo-2in1\/","title":{"rendered":"Vabzd\u017ei\u0173 liekan\u0173 valymo kempin\u0117 SONAX Insect Sponge Duo 2in1"},"content":{"rendered":"<p><small class=\"cont-product__cell cell-title is-hidden-on-grid\">KODAS<\/small><\/p>\n<p class=\"par\">04272000-SONAX<\/p>\n<p><small class=\"cont-product__cell cell-title is-hidden-on-grid\">TIEK\u0116JO KODAS<\/small><\/p>\n<p class=\"par\">04272000<\/p>\n<p><small class=\"cont-product__cell cell-title is-hidden-on-grid\">TIEK\u0116JAS<\/small><\/p>\n<p class=\"par\">SONAX<\/p>\n<p>Lengvai ir greitai pa\u0161alina vabzd\u017ei\u0173 liku\u010dius, pauk\u0161\u010di\u0173 i\u0161matas ir kitus sunkiai \u012fveikiamus ne\u0161varumus, nesubrai\u017eydami. Visiems transporto priemon\u0117s pavir\u0161iams, pvz. g. da\u017eai, stiklas ir plastikas. Tinklin\u0117 konstrukcija gali b\u016bti naudojama lengvam ir paprastam nu\u0117mimui ant stiklo ir plastiko. Jei norite \u0161velniai apdoroti jautrius da\u017eytus pavir\u0161ius, dirbkite su mikropluo\u0161to pavir\u0161iumi. Galima skalbti skalbimo ma\u0161inoje 40\u00b0C. Vabzd\u017ei\u0173 kempin\u0117s duetas<\/p>\n<table class=\"table-main table-info\">\n<tbody class=\"table-main__body\">\n<tr class=\"table-main__row\">\n<td class=\"table-main__cell\"><span class=\"table-main__t-node node-dynamic\"><b>Kilm\u0117s \u0161alis<\/b><\/span><\/td>\n<td class=\"table-main__cell\"><span class=\"table-main__t-node node-dynamic\">DE<\/span><\/td>\n<\/tr>\n<tr class=\"table-main__row\">\n<td class=\"table-main__cell\"><span class=\"table-main__t-node node-dynamic\"><b>Barkodas EAN<\/b><\/span><\/td>\n<td class=\"table-main__cell\"><span class=\"table-main__t-node node-dynamic\">4064700427204<\/span><\/td>\n<\/tr>\n<tr class=\"table-main__row\">\n<td class=\"table-main__cell\"><span class=\"table-main__t-node node-dynamic\"><b>Svoris<\/b><\/span><\/td>\n<td class=\"table-main__cell\"><span class=\"table-main__t-node node-dynamic\">0.0000 KG<\/span><\/td>\n<\/tr>\n<\/tbody>\n<\/table>","protected":false},"excerpt":{"rendered":"<p>KODAS 04272000-SONAX TIEK\u0116JO KODAS 04272000 TIEK\u0116JAS SONAX Lengvai ir greitai pa\u0161alina vabzd\u017ei\u0173 liku\u010dius, pauk\u0161\u010di\u0173 i\u0161matas ir kitus sunkiai \u012fveikiamus ne\u0161varumus, nesubrai\u017eydami. Visiems transporto priemon\u0117s pavir\u0161iams, pvz. g. da\u017eai, stiklas ir plastikas. Tinklin\u0117 konstrukcija gali b\u016bti naudojama lengvam ir paprastam nu\u0117mimui ant stiklo ir plastiko. Jei norite \u0161velniai apdoroti jautrius da\u017eytus pavir\u0161ius, dirbkite su mikropluo\u0161to pavir\u0161iumi. [&hellip;]<\/p>","protected":false},"featured_media":11281,"comment_status":"open","ping_status":"closed","template":"","meta":{"_acf_changed":false},"product_brand":[],"product_cat":[17,37,38],"product_tag":[],"class_list":{"0":"post-11280","1":"product","2":"type-product","3":"status-publish","4":"has-post-thumbnail","6":"product_cat-aksesuarai","7":"product_cat-automobilio-prieziuros-priemones-ir-irankiai","8":"product_cat-kempines","10":"first","11":"instock","12":"shipping-taxable","13":"purchasable","14":"product-type-simple"},"acf":[],"_links":{"self":[{"href":"https:\/\/daliurojus.lt\/en\/wp-json\/wp\/v2\/product\/11280","targetHints":{"allow":["GET"]}}],"collection":[{"href":"https:\/\/daliurojus.lt\/en\/wp-json\/wp\/v2\/product"}],"about":[{"href":"https:\/\/daliurojus.lt\/en\/wp-json\/wp\/v2\/types\/product"}],"replies":[{"embeddable":true,"href":"https:\/\/daliurojus.lt\/en\/wp-json\/wp\/v2\/comments?post=11280"}],"version-history":[{"count":1,"href":"https:\/\/daliurojus.lt\/en\/wp-json\/wp\/v2\/product\/11280\/revisions"}],"predecessor-version":[{"id":11282,"href":"https:\/\/daliurojus.lt\/en\/wp-json\/wp\/v2\/product\/11280\/revisions\/11282"}],"wp:featuredmedia":[{"embeddable":true,"href":"https:\/\/daliurojus.lt\/en\/wp-json\/wp\/v2\/media\/11281"}],"wp:attachment":[{"href":"https:\/\/daliurojus.lt\/en\/wp-json\/wp\/v2\/media?parent=11280"}],"wp:term":[{"taxonomy":"product_brand","embeddable":true,"href":"https:\/\/daliurojus.lt\/en\/wp-json\/wp\/v2\/product_brand?post=11280"},{"taxonomy":"product_cat","embeddable":true,"href":"https:\/\/daliurojus.lt\/en\/wp-json\/wp\/v2\/product_cat?post=11280"},{"taxonomy":"product_tag","embeddable":true,"href":"https:\/\/daliurojus.lt\/en\/wp-json\/wp\/v2\/product_tag?post=11280"}],"curies":[{"name":"wp","href":"https:\/\/api.w.org\/{rel}","templated":true}]}}