{"id":11277,"date":"2026-02-04T14:41:07","date_gmt":"2026-02-04T14:41:07","guid":{"rendered":"https:\/\/daliurojus.lt\/?post_type=product&#038;p=11277"},"modified":"2026-02-04T14:41:07","modified_gmt":"2026-02-04T14:41:07","slug":"universali-kempine-sonax-multisponge","status":"publish","type":"product","link":"https:\/\/daliurojus.lt\/en\/shop\/aksesuarai\/automobilio-prieziuros-priemones-ir-irankiai\/kempines\/universali-kempine-sonax-multisponge\/","title":{"rendered":"Universali kempin\u0117 SONAX Multisponge"},"content":{"rendered":"<p><small class=\"cont-product__cell cell-title is-hidden-on-grid\">KODAS<\/small><\/p>\n<p class=\"par\">04280000-SONAX<\/p>\n<p><small class=\"cont-product__cell cell-title is-hidden-on-grid\">TIEK\u0116JO KODAS<\/small><\/p>\n<p class=\"par\">04280000<\/p>\n<p><small class=\"cont-product__cell cell-title is-hidden-on-grid\">TIEK\u0116JAS<\/small><\/p>\n<p class=\"par\">SONAX<\/p>\n<p>Tai \u2013 daugkartinio naudojimo kempin\u0117 automobilio plovimui. Speciali kempin\u0117s strukt\u016bra neleid\u017eia kietoms purvo dalel\u0117ms brai\u017eyti plaunam\u0173 pavir\u0161i\u0173. Turi dvi skirtingas puses. Pilka kempin\u0117s pus\u0117 yra mink\u0161ta \u2013 ji skirta paprastam automobilio plovimui. Balta kempin\u0117s pus\u0117 yra grubesn\u0117 \u2013 ji skirta prid\u017ei\u016bvusi\u0173 apna\u0161\u0173, toki\u0173 kaip vabzd\u017ei\u0173 liekanos, pa\u0161alinimui.<\/p>\n<table class=\"table-main table-info\">\n<tbody class=\"table-main__body\">\n<tr class=\"table-main__row\">\n<td class=\"table-main__cell\"><span class=\"table-main__t-node node-dynamic\"><b>Kilm\u0117s \u0161alis<\/b><\/span><\/td>\n<td class=\"table-main__cell\"><span class=\"table-main__t-node node-dynamic\">DE<\/span><\/td>\n<\/tr>\n<tr class=\"table-main__row\">\n<td class=\"table-main__cell\"><span class=\"table-main__t-node node-dynamic\"><b>Barkodas EAN<\/b><\/span><\/td>\n<td class=\"table-main__cell\"><span class=\"table-main__t-node node-dynamic\">4064700428010<\/span><\/td>\n<\/tr>\n<tr class=\"table-main__row\">\n<td class=\"table-main__cell\"><span class=\"table-main__t-node node-dynamic\"><b>Svoris<\/b><\/span><\/td>\n<td class=\"table-main__cell\"><span class=\"table-main__t-node node-dynamic\">0.0700 KG<\/span><\/td>\n<\/tr>\n<\/tbody>\n<\/table>","protected":false},"excerpt":{"rendered":"<p>KODAS 04280000-SONAX TIEK\u0116JO KODAS 04280000 TIEK\u0116JAS SONAX Tai \u2013 daugkartinio naudojimo kempin\u0117 automobilio plovimui. Speciali kempin\u0117s strukt\u016bra neleid\u017eia kietoms purvo dalel\u0117ms brai\u017eyti plaunam\u0173 pavir\u0161i\u0173. Turi dvi skirtingas puses. Pilka kempin\u0117s pus\u0117 yra mink\u0161ta \u2013 ji skirta paprastam automobilio plovimui. Balta kempin\u0117s pus\u0117 yra grubesn\u0117 \u2013 ji skirta prid\u017ei\u016bvusi\u0173 apna\u0161\u0173, toki\u0173 kaip vabzd\u017ei\u0173 liekanos, pa\u0161alinimui. Kilm\u0117s [&hellip;]<\/p>","protected":false},"featured_media":11278,"comment_status":"open","ping_status":"closed","template":"","meta":{"_acf_changed":false},"product_brand":[],"product_cat":[17,37,38],"product_tag":[],"class_list":{"0":"post-11277","1":"product","2":"type-product","3":"status-publish","4":"has-post-thumbnail","6":"product_cat-aksesuarai","7":"product_cat-automobilio-prieziuros-priemones-ir-irankiai","8":"product_cat-kempines","10":"first","11":"instock","12":"shipping-taxable","13":"purchasable","14":"product-type-simple"},"acf":[],"_links":{"self":[{"href":"https:\/\/daliurojus.lt\/en\/wp-json\/wp\/v2\/product\/11277","targetHints":{"allow":["GET"]}}],"collection":[{"href":"https:\/\/daliurojus.lt\/en\/wp-json\/wp\/v2\/product"}],"about":[{"href":"https:\/\/daliurojus.lt\/en\/wp-json\/wp\/v2\/types\/product"}],"replies":[{"embeddable":true,"href":"https:\/\/daliurojus.lt\/en\/wp-json\/wp\/v2\/comments?post=11277"}],"version-history":[{"count":1,"href":"https:\/\/daliurojus.lt\/en\/wp-json\/wp\/v2\/product\/11277\/revisions"}],"predecessor-version":[{"id":11279,"href":"https:\/\/daliurojus.lt\/en\/wp-json\/wp\/v2\/product\/11277\/revisions\/11279"}],"wp:featuredmedia":[{"embeddable":true,"href":"https:\/\/daliurojus.lt\/en\/wp-json\/wp\/v2\/media\/11278"}],"wp:attachment":[{"href":"https:\/\/daliurojus.lt\/en\/wp-json\/wp\/v2\/media?parent=11277"}],"wp:term":[{"taxonomy":"product_brand","embeddable":true,"href":"https:\/\/daliurojus.lt\/en\/wp-json\/wp\/v2\/product_brand?post=11277"},{"taxonomy":"product_cat","embeddable":true,"href":"https:\/\/daliurojus.lt\/en\/wp-json\/wp\/v2\/product_cat?post=11277"},{"taxonomy":"product_tag","embeddable":true,"href":"https:\/\/daliurojus.lt\/en\/wp-json\/wp\/v2\/product_tag?post=11277"}],"curies":[{"name":"wp","href":"https:\/\/api.w.org\/{rel}","templated":true}]}}