{"id":11436,"date":"2026-02-11T09:38:25","date_gmt":"2026-02-11T09:38:25","guid":{"rendered":"https:\/\/daliurojus.lt\/?page_id=11436"},"modified":"2026-02-11T09:38:27","modified_gmt":"2026-02-11T09:38:27","slug":"pristatymas","status":"publish","type":"page","link":"https:\/\/daliurojus.lt\/en\/pristatymas\/","title":{"rendered":"Pristatymas"},"content":{"rendered":"<ol class=\"wp-block-list\">\n<li>Pristatymo laikas: Visos siuntos i\u0161 irankiuzona.lt sand\u0117lio bus pristatomos per 1-3 darbo dienas.<\/li>\n\n\n\n<li>Pristatymo pasirinkimai: Pristatymo pasirinkimai apima pristatym\u0105 per Venipak, Omniva, LP Express pa\u0161tomat\u0105 arba kurjer\u012f.<\/li>\n\n\n\n<li>Tr\u016bkstamos prek\u0117s: Jeigu sand\u0117lyje neturime reikiamo produkto i\u0161 tiek\u0117jo, pristatysime prek\u0119 tiesiai \u012f J\u016bs\u0173 namus. Tokiu atveju pristatymo laikas gali u\u017etrukti iki 5 darbo dien\u0173.<\/li>\n\n\n\n<li>Pristatymo kainos: Pristatymo kainos priklauso nuo pasirinkto pristatymo metodo ir siuntos svorio bei dyd\u017eio. I\u0161samesn\u0119 informacij\u0105 apie pristatymo kainas rasite prie\u0161 atliekant u\u017esakym\u0105.<\/li>\n\n\n\n<li>Pristatymo sekimas: Po siuntos i\u0161siuntimo gausite pristatymo sekimo numer\u012f, kur\u012f gal\u0117site naudoti sekant pristatymo b\u016bsen\u0105 tiesiai internete.<\/li>\n\n\n\n<li>Pristatymo teritorija: \u0160iuo metu pristatome tik Lietuvos teritorijoje. D\u0117l tarptautini\u0173 pristatym\u0173, pra\u0161ome susisiekti su mumis tiesiogiai.<\/li>\n<\/ol>","protected":false},"excerpt":{"rendered":"","protected":false},"author":1,"featured_media":0,"parent":0,"menu_order":0,"comment_status":"closed","ping_status":"closed","template":"","meta":{"_acf_changed":false,"footnotes":""},"class_list":["post-11436","page","type-page","status-publish","hentry"],"acf":[],"_hostinger_reach_plugin_has_subscription_block":false,"_hostinger_reach_plugin_is_elementor":false,"_links":{"self":[{"href":"https:\/\/daliurojus.lt\/en\/wp-json\/wp\/v2\/pages\/11436","targetHints":{"allow":["GET"]}}],"collection":[{"href":"https:\/\/daliurojus.lt\/en\/wp-json\/wp\/v2\/pages"}],"about":[{"href":"https:\/\/daliurojus.lt\/en\/wp-json\/wp\/v2\/types\/page"}],"author":[{"embeddable":true,"href":"https:\/\/daliurojus.lt\/en\/wp-json\/wp\/v2\/users\/1"}],"replies":[{"embeddable":true,"href":"https:\/\/daliurojus.lt\/en\/wp-json\/wp\/v2\/comments?post=11436"}],"version-history":[{"count":1,"href":"https:\/\/daliurojus.lt\/en\/wp-json\/wp\/v2\/pages\/11436\/revisions"}],"predecessor-version":[{"id":11439,"href":"https:\/\/daliurojus.lt\/en\/wp-json\/wp\/v2\/pages\/11436\/revisions\/11439"}],"wp:attachment":[{"href":"https:\/\/daliurojus.lt\/en\/wp-json\/wp\/v2\/media?parent=11436"}],"curies":[{"name":"wp","href":"https:\/\/api.w.org\/{rel}","templated":true}]}}