{"id":11432,"date":"2026-02-11T09:37:54","date_gmt":"2026-02-11T09:37:54","guid":{"rendered":"https:\/\/daliurojus.lt\/?page_id=11432"},"modified":"2026-02-11T09:37:57","modified_gmt":"2026-02-11T09:37:57","slug":"grazinimas-ir-garantija","status":"publish","type":"page","link":"https:\/\/daliurojus.lt\/en\/grazinimas-ir-garantija\/","title":{"rendered":"Gr\u0105\u017einimas ir garantija"},"content":{"rendered":"<p>Sveiki atvyk\u0119 \u012f daliurojus.lt! D\u017eiaugiam\u0117s, kad pasirinkote m\u016bs\u0173 parduotuv\u0119. Norime u\u017etikrinti jums malon\u0173 ir saug\u0173 apsipirkim\u0105, tod\u0117l suteikiame ai\u0161kias ir s\u0105\u017einingas Gr\u0105\u017einimo bei Garantijos taisykles.<\/p>\n\n\n\n<p>Gr\u0105\u017einimo Garantija:<br>Visoms prek\u0117ms taikoma nemokama 14 dien\u0173 gr\u0105\u017einimo garantija. Tai rei\u0161kia, kad jei d\u0117l bet kokios prie\u017easties nesate visi\u0161kai patenkinti \u012fsigyta preke, galite j\u0105 gr\u0105\u017einti per 14 dien\u0173 nuo pirkimo datos ir gauti pinigus atgal arba pasirinkti kit\u0105 prek\u0119.<br>Gr\u0105\u017einimo Proced\u016bra:<br>Nor\u0117dami gr\u0105\u017einti prek\u0119, pra\u0161ome susisiekti su mumis el. pa\u0161tu arba telefonu, nurodant pirkimo numer\u012f ir prie\u017east\u012f, kod\u0117l norite gr\u0105\u017einti prek\u0119.<br>Prek\u0117 turi b\u016bti gr\u0105\u017einta originalioje pakuot\u0117je, be joki\u0173 pa\u017eeidim\u0173 ar \u017eym\u0117jim\u0173, su visais pridedamais dokumentais ir priedais.<br>Gr\u0105\u017einant prek\u0119, prane\u0161kite mums siuntimo sekimo numer\u012f ir si\u0173skite prek\u0119 atgal mums. Gr\u0105\u017einimo i\u0161laidos kliento s\u0105skaita, i\u0161skyrus atvejus, kai prek\u0117 buvo gauta su defektu arba netinkamu funkcionalumu.<br>Garantija:<br>Visoms m\u016bs\u0173 prek\u0117ms taikoma gamintojo garantija, kuri u\u017etikrina, kad prek\u0117 bus be tr\u016bkum\u0173 ir tinkamai veiks pagal nurodytas s\u0105lygas.<br>Jei per garantijos laikotarp\u012f prek\u0117 sugenda arba pasirei\u0161kia koki\u0173 nors kit\u0173 defekt\u0173, pra\u0161ome susisiekti su mumis. Mes \u012fvertinsime prek\u0117s b\u016bkl\u0119 ir pasi\u016blysime jums tinkam\u0105 sprendim\u0105, \u012fskaitant prek\u0117s pakeitim\u0105 arba remont\u0105 pagal gamintojo s\u0105lygas.<\/p>","protected":false},"excerpt":{"rendered":"<p>Sveiki atvyk\u0119 \u012f daliurojus.lt! D\u017eiaugiam\u0117s, kad pasirinkote m\u016bs\u0173 parduotuv\u0119. Norime u\u017etikrinti jums malon\u0173 ir saug\u0173 apsipirkim\u0105, tod\u0117l suteikiame ai\u0161kias ir s\u0105\u017einingas Gr\u0105\u017einimo bei Garantijos taisykles. Gr\u0105\u017einimo Garantija:Visoms prek\u0117ms taikoma nemokama 14 dien\u0173 gr\u0105\u017einimo garantija. Tai rei\u0161kia, kad jei d\u0117l bet kokios prie\u017easties nesate visi\u0161kai patenkinti \u012fsigyta preke, galite j\u0105 gr\u0105\u017einti per 14 dien\u0173 nuo pirkimo [&hellip;]<\/p>","protected":false},"author":1,"featured_media":0,"parent":0,"menu_order":0,"comment_status":"closed","ping_status":"closed","template":"","meta":{"_acf_changed":false,"footnotes":""},"class_list":["post-11432","page","type-page","status-publish","hentry"],"acf":[],"_hostinger_reach_plugin_has_subscription_block":false,"_hostinger_reach_plugin_is_elementor":false,"_links":{"self":[{"href":"https:\/\/daliurojus.lt\/en\/wp-json\/wp\/v2\/pages\/11432","targetHints":{"allow":["GET"]}}],"collection":[{"href":"https:\/\/daliurojus.lt\/en\/wp-json\/wp\/v2\/pages"}],"about":[{"href":"https:\/\/daliurojus.lt\/en\/wp-json\/wp\/v2\/types\/page"}],"author":[{"embeddable":true,"href":"https:\/\/daliurojus.lt\/en\/wp-json\/wp\/v2\/users\/1"}],"replies":[{"embeddable":true,"href":"https:\/\/daliurojus.lt\/en\/wp-json\/wp\/v2\/comments?post=11432"}],"version-history":[{"count":1,"href":"https:\/\/daliurojus.lt\/en\/wp-json\/wp\/v2\/pages\/11432\/revisions"}],"predecessor-version":[{"id":11435,"href":"https:\/\/daliurojus.lt\/en\/wp-json\/wp\/v2\/pages\/11432\/revisions\/11435"}],"wp:attachment":[{"href":"https:\/\/daliurojus.lt\/en\/wp-json\/wp\/v2\/media?parent=11432"}],"curies":[{"name":"wp","href":"https:\/\/api.w.org\/{rel}","templated":true}]}}